{"id":444,"date":"2016-06-03T17:10:02","date_gmt":"2016-06-03T22:10:02","guid":{"rendered":"http:\/\/www.procomp.mx\/pc\/?page_id=444"},"modified":"2026-03-09T17:36:36","modified_gmt":"2026-03-09T23:36:36","slug":"kioskito","status":"publish","type":"page","link":"http:\/\/www.procomp.mx\/pc\/kioskito\/","title":{"rendered":"Kioskito Procomp"},"content":{"rendered":"<p style=\"text-align: center;\"><img loading=\"lazy\" decoding=\"async\" class=\"size-medium wp-image-987 alignleft\" src=\"http:\/\/www.procomp.mx\/pc\/wp-content\/uploads\/2026\/03\/KioskitoMonedero-300x237.png\" alt=\"Kioskito\" width=\"300\" height=\"237\" srcset=\"http:\/\/www.procomp.mx\/pc\/wp-content\/uploads\/2026\/03\/KioskitoMonedero-300x237.png 300w, http:\/\/www.procomp.mx\/pc\/wp-content\/uploads\/2026\/03\/KioskitoMonedero.png 600w\" sizes=\"auto, (max-width: 300px) 100vw, 300px\" \/><\/p>\n<p><img loading=\"lazy\" decoding=\"async\" class=\"size-large wp-image-971 aligncenter\" src=\"http:\/\/www.procomp.mx\/pc\/wp-content\/uploads\/2025\/05\/FOTOS-PRIMERAS-16SEP20-1-700x473.png\" alt=\"\" width=\"700\" height=\"473\" srcset=\"http:\/\/www.procomp.mx\/pc\/wp-content\/uploads\/2025\/05\/FOTOS-PRIMERAS-16SEP20-1-700x473.png 700w, http:\/\/www.procomp.mx\/pc\/wp-content\/uploads\/2025\/05\/FOTOS-PRIMERAS-16SEP20-1-300x203.png 300w, http:\/\/www.procomp.mx\/pc\/wp-content\/uploads\/2025\/05\/FOTOS-PRIMERAS-16SEP20-1-768x519.png 768w, http:\/\/www.procomp.mx\/pc\/wp-content\/uploads\/2025\/05\/FOTOS-PRIMERAS-16SEP20-1-1536x1037.png 1536w, http:\/\/www.procomp.mx\/pc\/wp-content\/uploads\/2025\/05\/FOTOS-PRIMERAS-16SEP20-1-2048x1383.png 2048w, http:\/\/www.procomp.mx\/pc\/wp-content\/uploads\/2025\/05\/FOTOS-PRIMERAS-16SEP20-1-1320x891.png 1320w\" sizes=\"auto, (max-width: 700px) 100vw, 700px\" \/><\/p>\n<p><strong>Kioskito Procomp<\/strong> es un innovador equipo de impresiones tipo vending, desde el cual puedes realizar tus impresiones directamente por medio de memoria USB, correo electr\u00f3nico y\/o bluetooth y al final pagar depositando el importe solicitado en monedas.<br \/>Actualmente contamos con un <strong>KIOSKITO<\/strong> instalado en <strong>Papeler\u00eda Pino Real<\/strong>, ubicada en la calle pino real #5262 en Villa del cedro, pero nuestra misi\u00f3n es ampliar este servicio a mas ubicaciones en la ciudad de Culiac\u00e1n, Sin.<\/p>\n<p><img loading=\"lazy\" decoding=\"async\" class=\"wp-image-986 size-medium aligncenter\" src=\"http:\/\/www.procomp.mx\/pc\/wp-content\/uploads\/2026\/03\/Quiskito-Foto-182x300.png\" alt=\"\" width=\"182\" height=\"300\" srcset=\"http:\/\/www.procomp.mx\/pc\/wp-content\/uploads\/2026\/03\/Quiskito-Foto-182x300.png 182w, http:\/\/www.procomp.mx\/pc\/wp-content\/uploads\/2026\/03\/Quiskito-Foto-700x1155.png 700w, http:\/\/www.procomp.mx\/pc\/wp-content\/uploads\/2026\/03\/Quiskito-Foto-768x1267.png 768w, http:\/\/www.procomp.mx\/pc\/wp-content\/uploads\/2026\/03\/Quiskito-Foto.png 776w\" sizes=\"auto, (max-width: 182px) 100vw, 182px\" \/><\/p>\n<p style=\"text-align: left;\"><strong><br \/>POR BLUETOOTH (SOLO COMPATIBLE CON ANDROID)<\/strong><\/p>\n\n\n<p><br><strong>POR CORREO:<\/strong><br>Desde su PC o M\u00f3vil, envie su archivo adjunto (PDF, DOC, XLS, PNG, JPG) al correo <strong>kioskito@procomp.mx<\/strong> (puede variar dependiendo del kioskito) y en cuesti\u00f3n de 1 o 2 minutos, recibir\u00e1 un correo con su CLAVE que se le pedir\u00e1 en el kioskito para poder abrir sus archivos. En caso de que no le llegue el correo, revise en su carpeta de correo no deseado o spam.<\/p>\n\n\n\n<figure class=\"wp-block-embed is-type-video is-provider-youtube wp-block-embed-youtube wp-embed-aspect-9-16 wp-has-aspect-ratio\"><div class=\"wp-block-embed__wrapper\">\n<iframe loading=\"lazy\" title=\"Vending de Impresiones usando Kioskito Procomp KPC\" width=\"422\" height=\"750\" src=\"https:\/\/www.youtube.com\/embed\/fR9Qhe0oKco?feature=oembed\" frameborder=\"0\" allow=\"accelerometer; autoplay; clipboard-write; encrypted-media; gyroscope; picture-in-picture; web-share\" referrerpolicy=\"strict-origin-when-cross-origin\" allowfullscreen><\/iframe>\n<\/div><\/figure>\n\n\n\n<p>Deposite sus monedas ($1, $2, $5 o $10) SOLO cuando el sistema se lo pida. Tenga presente que el Quioskito <strong>NO<\/strong> cuenta con sistema para devolver cambio, por lo que debe depositar el <strong>monto exacto.<\/strong><br>Cualquier duda o comentario, puede enviar un mensaje por Whatsapp al <strong>6677972721.<\/strong><br>Gracias por usar nuestro servicio, el primero y \u00fanico en su tipo en Culiac\u00e1n, Sin.<\/p>\n\n\n\n<p><br><\/p>\n\n\n\n<p><\/p>\n","protected":false},"excerpt":{"rendered":"<p>Kioskito Procomp es un innovador equipo de impresiones tipo vending, desde el cual puedes realizar tus impresiones directamente por medio de memoria USB, correo electr\u00f3nico y\/o bluetooth y al final pagar depositando el importe solicitado en monedas.Actualmente contamos con un KIOSKITO instalado en Papeler\u00eda Pino Real, ubicada en la calle pino real #5262 en Villa [&hellip;]<\/p>\n","protected":false},"author":2,"featured_media":0,"parent":0,"menu_order":0,"comment_status":"closed","ping_status":"closed","template":"","meta":{"footnotes":""},"class_list":["post-444","page","type-page","status-publish","hentry"],"_links":{"self":[{"href":"http:\/\/www.procomp.mx\/pc\/wp-json\/wp\/v2\/pages\/444","targetHints":{"allow":["GET"]}}],"collection":[{"href":"http:\/\/www.procomp.mx\/pc\/wp-json\/wp\/v2\/pages"}],"about":[{"href":"http:\/\/www.procomp.mx\/pc\/wp-json\/wp\/v2\/types\/page"}],"author":[{"embeddable":true,"href":"http:\/\/www.procomp.mx\/pc\/wp-json\/wp\/v2\/users\/2"}],"replies":[{"embeddable":true,"href":"http:\/\/www.procomp.mx\/pc\/wp-json\/wp\/v2\/comments?post=444"}],"version-history":[{"count":33,"href":"http:\/\/www.procomp.mx\/pc\/wp-json\/wp\/v2\/pages\/444\/revisions"}],"predecessor-version":[{"id":995,"href":"http:\/\/www.procomp.mx\/pc\/wp-json\/wp\/v2\/pages\/444\/revisions\/995"}],"wp:attachment":[{"href":"http:\/\/www.procomp.mx\/pc\/wp-json\/wp\/v2\/media?parent=444"}],"curies":[{"name":"wp","href":"https:\/\/api.w.org\/{rel}","templated":true}]}}