{"id":666,"date":"2020-06-14T21:10:30","date_gmt":"2020-06-15T02:10:30","guid":{"rendered":"http:\/\/www.procomp.mx\/pc\/?page_id=666"},"modified":"2023-07-23T17:01:48","modified_gmt":"2023-07-23T23:01:48","slug":"pos","status":"publish","type":"page","link":"http:\/\/www.procomp.mx\/pc\/pos\/","title":{"rendered":"Sistema para control de ventas e inventarios"},"content":{"rendered":"\n<p><strong>POS Procomp<\/strong> es nuestro sistema de punto de venta en l\u00ednea de bajo costo, dirigido al peque\u00f1o negocio que actualmente lleva su control de forma manual, que no requiere emitir facturas o que lo hace por medios propios (como la p\u00e1gina del SAT).<br><img loading=\"lazy\" decoding=\"async\" width=\"800\" height=\"602\" class=\"wp-image-803\" style=\"width: 800px;\" src=\"http:\/\/www.procomp.mx\/pc\/wp-content\/uploads\/2022\/09\/pos1.png\" alt=\"\" srcset=\"http:\/\/www.procomp.mx\/pc\/wp-content\/uploads\/2022\/09\/pos1.png 1169w, http:\/\/www.procomp.mx\/pc\/wp-content\/uploads\/2022\/09\/pos1-300x226.png 300w, http:\/\/www.procomp.mx\/pc\/wp-content\/uploads\/2022\/09\/pos1-700x527.png 700w, http:\/\/www.procomp.mx\/pc\/wp-content\/uploads\/2022\/09\/pos1-768x578.png 768w\" sizes=\"auto, (max-width: 800px) 100vw, 800px\" \/><br><img loading=\"lazy\" decoding=\"async\" width=\"800\" height=\"595\" class=\"wp-image-802\" style=\"width: 800px;\" src=\"http:\/\/www.procomp.mx\/pc\/wp-content\/uploads\/2022\/09\/pos2.png\" alt=\"\" srcset=\"http:\/\/www.procomp.mx\/pc\/wp-content\/uploads\/2022\/09\/pos2.png 1186w, http:\/\/www.procomp.mx\/pc\/wp-content\/uploads\/2022\/09\/pos2-300x223.png 300w, http:\/\/www.procomp.mx\/pc\/wp-content\/uploads\/2022\/09\/pos2-700x521.png 700w, http:\/\/www.procomp.mx\/pc\/wp-content\/uploads\/2022\/09\/pos2-768x571.png 768w\" sizes=\"auto, (max-width: 800px) 100vw, 800px\" \/><br><img loading=\"lazy\" decoding=\"async\" width=\"800\" height=\"595\" class=\"wp-image-801\" style=\"width: 800px;\" src=\"http:\/\/www.procomp.mx\/pc\/wp-content\/uploads\/2022\/09\/pos3.png\" alt=\"\" srcset=\"http:\/\/www.procomp.mx\/pc\/wp-content\/uploads\/2022\/09\/pos3.png 1184w, http:\/\/www.procomp.mx\/pc\/wp-content\/uploads\/2022\/09\/pos3-300x223.png 300w, http:\/\/www.procomp.mx\/pc\/wp-content\/uploads\/2022\/09\/pos3-700x520.png 700w, http:\/\/www.procomp.mx\/pc\/wp-content\/uploads\/2022\/09\/pos3-768x571.png 768w\" sizes=\"auto, (max-width: 800px) 100vw, 800px\" \/><br><img loading=\"lazy\" decoding=\"async\" width=\"800\" height=\"605\" class=\"wp-image-800\" style=\"width: 800px;\" src=\"http:\/\/www.procomp.mx\/pc\/wp-content\/uploads\/2022\/09\/pos4.png\" alt=\"\" srcset=\"http:\/\/www.procomp.mx\/pc\/wp-content\/uploads\/2022\/09\/pos4.png 1167w, http:\/\/www.procomp.mx\/pc\/wp-content\/uploads\/2022\/09\/pos4-300x227.png 300w, http:\/\/www.procomp.mx\/pc\/wp-content\/uploads\/2022\/09\/pos4-700x529.png 700w, http:\/\/www.procomp.mx\/pc\/wp-content\/uploads\/2022\/09\/pos4-768x580.png 768w\" sizes=\"auto, (max-width: 800px) 100vw, 800px\" \/><br><strong>Video de la operaci\u00f3n<\/strong>:<br><a rel=\"noreferrer noopener\" href=\"https:\/\/youtu.be\/fIE9PobPaMc\" target=\"_blank\">https:\/\/youtu.be\/fIE9PobPaM<\/a><a href=\"https:\/\/youtu.be\/fIE9PobPaMc\">c<\/a><br><\/p>\n\n\n\n<figure class=\"wp-block-image size-large is-resized\"><a href=\"https:\/\/youtu.be\/fIE9PobPaMc\" target=\"_blank\" rel=\"noreferrer noopener\"><img loading=\"lazy\" decoding=\"async\" src=\"http:\/\/www.procomp.mx\/pc\/wp-content\/uploads\/2023\/07\/pos-700x393.jpg\" alt=\"Pos procomp\" class=\"wp-image-933\" width=\"525\" height=\"295\" srcset=\"http:\/\/www.procomp.mx\/pc\/wp-content\/uploads\/2023\/07\/pos-700x393.jpg 700w, http:\/\/www.procomp.mx\/pc\/wp-content\/uploads\/2023\/07\/pos-300x169.jpg 300w, http:\/\/www.procomp.mx\/pc\/wp-content\/uploads\/2023\/07\/pos-768x432.jpg 768w, http:\/\/www.procomp.mx\/pc\/wp-content\/uploads\/2023\/07\/pos-1320x742.jpg 1320w, http:\/\/www.procomp.mx\/pc\/wp-content\/uploads\/2023\/07\/pos.jpg 1329w\" sizes=\"auto, (max-width: 525px) 100vw, 525px\" \/><\/a><\/figure>\n\n\n\n<p>Para la versi\u00f3n en l\u00ednea, solo necesita acceso a internet y un navegador compatible (chrome o mozilla firefox).<br><strong>\u00bfQu\u00e9 m\u00f3dulos incluye?<\/strong><br>Punto de venta<br>Productos<br>Ventas<br>Reportes<br>Movimientos (entradas-salidas)<br><strong>\u00bfPuedo facturar con este sistema?<\/strong><br><strong>No<\/strong>, ya que para mantener un costo realmente accesible de momento no contamos con el m\u00f3dulo para emisi\u00f3n de CFDI\u00b4s, ya que los negocios a los que va dirigido, actualmente no emiten facturas o lo hacen por medios propios (como el portal del SAT).<br><strong>\u00bfPuedo accesar al sistema desde cualquier dispositivo con internet?<\/strong><br>S\u00ed, podr\u00e1 acceder desde cualquier lugar donde tenga internet. Nuestro sistema es compatible con la mayor\u00eda de los navegadores de PC o m\u00f3viles.<br><strong>\u00bfEs compatible con el uso de lectores de c\u00f3digo de barras e impresoras de tickets convencionales?<\/strong><br>Nuestro sistema es compatible con lectores de c\u00f3digo de barras e impresoras de tickets,  tiene la funcionalidad de generar ventas en PDF en caso de que el usuario requiera imprimir comprobantes.<br><strong>\u00bfCual es el costo?<\/strong><br>La versi\u00f3n <strong>\u00abEn L\u00ednea<\/strong>\u00bb tiene un costo de tan solo <strong>$350 al a\u00f1o<\/strong> y si requiere un usuario adicional con permisos limitados (empleado) <strong>$100<\/strong> +. <br>Es importante mencionar que cualquier modificaci\u00f3n o cambio en la funcionalidad del sistema, puede generar un costo por servicio, el cual se cotizar\u00e1 en base a lo requerido.  <br><strong>\u00bfC\u00f3mo lo obtengo?<\/strong><br>Puede contactarnos por whatsapp al siguiente n\u00famero: <br><img decoding=\"async\" class=\"wp-image-711\" style=\"width: 150px;\" src=\"http:\/\/www.procomp.mx\/pc\/wp-content\/uploads\/2020\/08\/ProyectoPOS-1.mp4\" alt=\"\"><img decoding=\"async\" class=\"wp-image-709\" style=\"width: 150px;\" src=\"http:\/\/www.procomp.mx\/pc\/wp-content\/uploads\/2020\/08\/ProyectoPOS.mp4\" alt=\"\"><br><img loading=\"lazy\" decoding=\"async\" width=\"260\" height=\"63\" class=\"wp-image-703\" style=\"width: 260px;\" src=\"http:\/\/www.procomp.mx\/pc\/wp-content\/uploads\/2020\/07\/PC-Whats.png\" alt=\"\" srcset=\"http:\/\/www.procomp.mx\/pc\/wp-content\/uploads\/2020\/07\/PC-Whats.png 1306w, http:\/\/www.procomp.mx\/pc\/wp-content\/uploads\/2020\/07\/PC-Whats-300x73.png 300w, http:\/\/www.procomp.mx\/pc\/wp-content\/uploads\/2020\/07\/PC-Whats-600x145.png 600w, http:\/\/www.procomp.mx\/pc\/wp-content\/uploads\/2020\/07\/PC-Whats-1024x248.png 1024w, http:\/\/www.procomp.mx\/pc\/wp-content\/uploads\/2020\/07\/PC-Whats-768x186.png 768w\" sizes=\"auto, (max-width: 260px) 100vw, 260px\" \/><br><\/p>\n","protected":false},"excerpt":{"rendered":"<p>POS Procomp es nuestro sistema de punto de venta en l\u00ednea de bajo costo, dirigido al peque\u00f1o negocio que actualmente lleva su control de forma manual, que no requiere emitir facturas o que lo hace por medios propios (como la p\u00e1gina del SAT).Video de la operaci\u00f3n:https:\/\/youtu.be\/fIE9PobPaMc Para la versi\u00f3n en l\u00ednea, solo necesita acceso a [&hellip;]<\/p>\n","protected":false},"author":2,"featured_media":0,"parent":0,"menu_order":0,"comment_status":"closed","ping_status":"closed","template":"","meta":{"footnotes":""},"class_list":["post-666","page","type-page","status-publish","hentry"],"_links":{"self":[{"href":"http:\/\/www.procomp.mx\/pc\/wp-json\/wp\/v2\/pages\/666","targetHints":{"allow":["GET"]}}],"collection":[{"href":"http:\/\/www.procomp.mx\/pc\/wp-json\/wp\/v2\/pages"}],"about":[{"href":"http:\/\/www.procomp.mx\/pc\/wp-json\/wp\/v2\/types\/page"}],"author":[{"embeddable":true,"href":"http:\/\/www.procomp.mx\/pc\/wp-json\/wp\/v2\/users\/2"}],"replies":[{"embeddable":true,"href":"http:\/\/www.procomp.mx\/pc\/wp-json\/wp\/v2\/comments?post=666"}],"version-history":[{"count":32,"href":"http:\/\/www.procomp.mx\/pc\/wp-json\/wp\/v2\/pages\/666\/revisions"}],"predecessor-version":[{"id":938,"href":"http:\/\/www.procomp.mx\/pc\/wp-json\/wp\/v2\/pages\/666\/revisions\/938"}],"wp:attachment":[{"href":"http:\/\/www.procomp.mx\/pc\/wp-json\/wp\/v2\/media?parent=666"}],"curies":[{"name":"wp","href":"https:\/\/api.w.org\/{rel}","templated":true}]}}