{"id":680,"date":"2020-06-16T10:47:47","date_gmt":"2020-06-16T15:47:47","guid":{"rendered":"http:\/\/www.procomp.mx\/pc\/?page_id=680"},"modified":"2026-03-07T11:52:41","modified_gmt":"2026-03-07T17:52:41","slug":"inicio","status":"publish","type":"page","link":"https:\/\/www.procomp.mx\/pc\/","title":{"rendered":"Inicio"},"content":{"rendered":"<div class=\"wp-block-image is-style-rounded\">\n<figure class=\"aligncenter size-large is-resized\"><a href=\"https:\/\/linktr.ee\/procompmx\" target=\"_blank\" rel=\"noreferrer noopener\"><img loading=\"lazy\" decoding=\"async\" width=\"700\" height=\"330\" src=\"https:\/\/www.procomp.mx\/pc\/wp-content\/uploads\/2022\/01\/PC-CircuitoTarjeta-700x330.png\" alt=\"procomp.mx\" class=\"wp-image-767\" style=\"width:700px;height:330px\" title=\"Procomp\" srcset=\"https:\/\/www.procomp.mx\/pc\/wp-content\/uploads\/2022\/01\/PC-CircuitoTarjeta-700x330.png 700w, https:\/\/www.procomp.mx\/pc\/wp-content\/uploads\/2022\/01\/PC-CircuitoTarjeta-300x142.png 300w, https:\/\/www.procomp.mx\/pc\/wp-content\/uploads\/2022\/01\/PC-CircuitoTarjeta-768x362.png 768w, https:\/\/www.procomp.mx\/pc\/wp-content\/uploads\/2022\/01\/PC-CircuitoTarjeta-1536x725.png 1536w, https:\/\/www.procomp.mx\/pc\/wp-content\/uploads\/2022\/01\/PC-CircuitoTarjeta-2048x966.png 2048w, https:\/\/www.procomp.mx\/pc\/wp-content\/uploads\/2022\/01\/PC-CircuitoTarjeta-1320x623.png 1320w\" sizes=\"auto, (max-width: 700px) 100vw, 700px\" \/><\/a><\/figure>\n<\/div>\n\n\n<p><strong>ProComp<\/strong> es una empresa ubicada en la ciudad de Culiac\u00e1n, Sinaloa que tiene el objetivo de ofrecer una diversidad de art\u00edculos de c\u00f3mputo y oficina a la peque\u00f1a y mediana empresa.<br>Brindamos soporte t\u00e9cnico y contamos con mas de 20 a\u00f1os de experiencia<\/p>\n","protected":false},"excerpt":{"rendered":"<p>ProComp es una empresa ubicada en la ciudad de Culiac\u00e1n, Sinaloa que tiene el objetivo de ofrecer una diversidad de art\u00edculos de c\u00f3mputo y oficina a la peque\u00f1a y mediana empresa.Brindamos soporte t\u00e9cnico y contamos con mas de 20 a\u00f1os de experiencia<\/p>\n","protected":false},"author":2,"featured_media":0,"parent":0,"menu_order":0,"comment_status":"closed","ping_status":"closed","template":"","meta":{"footnotes":""},"class_list":["post-680","page","type-page","status-publish","hentry"],"_links":{"self":[{"href":"https:\/\/www.procomp.mx\/pc\/wp-json\/wp\/v2\/pages\/680","targetHints":{"allow":["GET"]}}],"collection":[{"href":"https:\/\/www.procomp.mx\/pc\/wp-json\/wp\/v2\/pages"}],"about":[{"href":"https:\/\/www.procomp.mx\/pc\/wp-json\/wp\/v2\/types\/page"}],"author":[{"embeddable":true,"href":"https:\/\/www.procomp.mx\/pc\/wp-json\/wp\/v2\/users\/2"}],"replies":[{"embeddable":true,"href":"https:\/\/www.procomp.mx\/pc\/wp-json\/wp\/v2\/comments?post=680"}],"version-history":[{"count":15,"href":"https:\/\/www.procomp.mx\/pc\/wp-json\/wp\/v2\/pages\/680\/revisions"}],"predecessor-version":[{"id":990,"href":"https:\/\/www.procomp.mx\/pc\/wp-json\/wp\/v2\/pages\/680\/revisions\/990"}],"wp:attachment":[{"href":"https:\/\/www.procomp.mx\/pc\/wp-json\/wp\/v2\/media?parent=680"}],"curies":[{"name":"wp","href":"https:\/\/api.w.org\/{rel}","templated":true}]}}